{"id":8,"date":"2015-11-19T22:11:14","date_gmt":"2015-11-19T22:11:14","guid":{"rendered":"http:\/\/harrietrecipes.com\/wpinstall\/?page_id=8"},"modified":"2022-12-19T16:42:56","modified_gmt":"2022-12-19T16:42:56","slug":"home","status":"publish","type":"page","link":"https:\/\/harrietrecipes.com\/fi\/","title":{"rendered":"Koti"},"content":{"rendered":"<div class=\"wp-block-media-text is-stacked-on-mobile wpz_pattern_4\" style=\"grid-template-columns:47% auto\"><figure class=\"wp-block-media-text__media\"><img loading=\"lazy\" decoding=\"async\" width=\"400\" height=\"400\" src=\"http:\/\/harrietrecipes.com\/wpinstall\/wp-content\/uploads\/2022\/12\/harriet.jpg\" alt=\"\" class=\"wp-image-167 size-full\" srcset=\"https:\/\/harrietrecipes.com\/wp-content\/uploads\/2022\/12\/harriet.jpg 400w, https:\/\/harrietrecipes.com\/wp-content\/uploads\/2022\/12\/harriet-300x300.jpg 300w, https:\/\/harrietrecipes.com\/wp-content\/uploads\/2022\/12\/harriet-150x150.jpg 150w, https:\/\/harrietrecipes.com\/wp-content\/uploads\/2022\/12\/harriet-12x12.jpg 12w, https:\/\/harrietrecipes.com\/wp-content\/uploads\/2022\/12\/harriet-100x100.jpg 100w, https:\/\/harrietrecipes.com\/wp-content\/uploads\/2022\/12\/harriet-200x200.jpg 200w\" sizes=\"auto, (max-width: 400px) 100vw, 400px\" \/><\/figure><div class=\"wp-block-media-text__content\">\n<div class=\"wp-block-group eplus-wrapper has-background\" style=\"background-color:#fafafa\"><div class=\"wp-block-group__inner-container is-layout-flow wp-block-group-is-layout-flow\">\n<h2 class=\"has-medium-font-size wp-block-heading\">Tervetuloa Harriet Recipesiin<\/h2>\n\n\n\n<p class=\"eplus-wrapper\">Olen Harriet ja kotoisin Suomesta. Intohimoni on tehd\u00e4 ihania reseptej\u00e4 ja jakaa niit\u00e4, jotta kaikki voivat nauttia hyv\u00e4st\u00e4 ruoasta.<\/p>\n\n\n\n<div style=\"height:50px\" aria-hidden=\"true\" class=\"wp-block-spacer\"><\/div>\n<\/div><\/div>\n<\/div><\/div>","protected":false},"excerpt":{"rendered":"","protected":false},"author":1,"featured_media":0,"parent":0,"menu_order":0,"comment_status":"closed","ping_status":"closed","template":"","meta":{"cybocfi_hide_featured_image":"","footnotes":""},"class_list":["post-8","page","type-page","status-publish","hentry"],"_links":{"self":[{"href":"https:\/\/harrietrecipes.com\/fi\/wp-json\/wp\/v2\/pages\/8","targetHints":{"allow":["GET"]}}],"collection":[{"href":"https:\/\/harrietrecipes.com\/fi\/wp-json\/wp\/v2\/pages"}],"about":[{"href":"https:\/\/harrietrecipes.com\/fi\/wp-json\/wp\/v2\/types\/page"}],"author":[{"embeddable":true,"href":"https:\/\/harrietrecipes.com\/fi\/wp-json\/wp\/v2\/users\/1"}],"replies":[{"embeddable":true,"href":"https:\/\/harrietrecipes.com\/fi\/wp-json\/wp\/v2\/comments?post=8"}],"version-history":[{"count":0,"href":"https:\/\/harrietrecipes.com\/fi\/wp-json\/wp\/v2\/pages\/8\/revisions"}],"wp:attachment":[{"href":"https:\/\/harrietrecipes.com\/fi\/wp-json\/wp\/v2\/media?parent=8"}],"curies":[{"name":"wp","href":"https:\/\/api.w.org\/{rel}","templated":true}]}}